{"id":84,"date":"2023-09-25T23:10:12","date_gmt":"2023-09-25T21:10:12","guid":{"rendered":"https:\/\/culture-coreenne-toulouse.fr\/?page_id=84"},"modified":"2025-09-13T17:30:11","modified_gmt":"2025-09-13T15:30:11","slug":"cours-de-coreen","status":"publish","type":"page","link":"https:\/\/coree-a-toulouse.com\/index.php\/cours-de-coreen\/","title":{"rendered":"Cours de Cor\u00e9en (\ud55c\uad6d\uc5b4 \uc218\uc5c5)"},"content":{"rendered":"\n\n\t<h2>\n\t\t\t\t\tApprenez la langue coreenne\n\t\t\t\t<\/h2>\n\tD\u00e9couvrez la langue et la culture cor\u00e9ennes avec des cours adapt\u00e9s \u00e0 tous les niveaux :<br \/>\nd\u00e9butants, interm\u00e9diaires et avanc\u00e9s.\n<p>&nbsp;<\/p>\nLes cours sont assur\u00e9s par une professeure native, <strong>certifi\u00e9e<\/strong> en CLE (Cor\u00e9en Langue<br \/>\n\u00c9trang\u00e8re) par le minist\u00e8re de la Culture de la R\u00e9publique de Cor\u00e9e.\n<p>&nbsp;<\/p>\n<p>Un enseignement bas\u00e9 sur une m\u00e9thode progressive et interactive, Nous explorerons ensemble la langue et la culture cor\u00e9ennes :<\/p>\n\u25a0 Apprentissage du cor\u00e9en oral et \u00e9crit (Hangeul)<br \/>\n\u25a0 D\u00e9couverte de la culture et des traditions cor\u00e9ennes<br \/>\n\u25a0 Activit\u00e9s pratiques pour favoriser la communication\n<p>Ces cours sont <strong>r\u00e9serv\u00e9s aux adh\u00e9rents<\/strong> de l&rsquo;association, durent environ <strong>1h15 <\/strong>et ont lieu \u00e0 la <strong>Maison des Associations<\/strong> (adresse en bas de page) ou en Visio selon le cr\u00e9neau.<\/p>\n<h3>\n\t\t\tReprise des cours le mardi 16 Septembre 2025\t<\/h3>\n\t<h3>CR\u00c9NEAUX 2025\/2026<\/h3>\n\t<ul>\n\t\t\t\t<li id=\"wpzabb-food-menu-item-0\">\n\t\t\t\t\t\t<img decoding=\"async\" src=\"http:\/\/coree-a-toulouse.com\/wp-content\/uploads\/2023\/10\/sava-bobov-eVa2FK83K6w-unsplash-scaled-1.jpg\" alt=\"sava-bobov-eVa2FK83K6w-unsplash\" itemprop=\"image\" \/>\n\t\t\t\t\t\t<h4>\n\t\t\t\t\t\t\tD\u00e9butant \n\t\t\t\t\t\t<\/h4>\n\t\t\t\t\t\t\tkr\n\t\t\t\t\t\t Samedi [9h10- 10h30] &#8211; OU &#8211;  Mardi [19h30-20h50]\n\t\t<\/li>\n\t\t\t\t<li id=\"wpzabb-food-menu-item-1\">\n\t\t\t\t\t\t<img decoding=\"async\" src=\"http:\/\/coree-a-toulouse.com\/wp-content\/uploads\/2023\/10\/luminos-film-nbNwDdLaAhc-unsplash-scaled-1-150x150.jpg\" alt=\"sava-bobov-eVa2FK83K6w-unsplash\" itemprop=\"image\" \/>\n\t\t\t\t\t\t<h4>\n\t\t\t\t\t\t\tFaux D\u00e9butant\n\t\t\t\t\t\t<\/h4>\n\t\t\t\t\t\t\t$\n\t\t\t\t\t\tSamedi [12h15-13h35]\n\t\t<\/li>\n\t\t\t\t<li id=\"wpzabb-food-menu-item-2\">\n\t\t\t\t\t\t<img decoding=\"async\" src=\"http:\/\/coree-a-toulouse.com\/wp-content\/uploads\/2023\/09\/cropped-chan-hyuk-moon-ULUNsi4L21Q-unsplash-scaled-1-150x150.jpg\" alt=\"sava-bobov-eVa2FK83K6w-unsplash\" itemprop=\"image\" \/>\n\t\t\t\t\t\t<h4>\n\t\t\t\t\t\t\tInterm\u00e9diaire\n\t\t\t\t\t\t<\/h4>\n\t\t\t\t\t\t\t$\n\t\t\t\t\t\tSamedi [10h45-12h05] &#8211; OU &#8211; Mercredi [18h-19h30] en VISIO (Horaires modifiables)\n\t\t<\/li>\n\t\t\t\t<li id=\"wpzabb-food-menu-item-3\">\n\t\t\t\t\t\t<img decoding=\"async\" src=\"http:\/\/coree-a-toulouse.com\/wp-content\/uploads\/2023\/09\/cropped-max-komthongvijit-tTqa6idr32U-unsplash-scaled-2-150x150.jpg\" alt=\"sava-bobov-eVa2FK83K6w-unsplash\" itemprop=\"image\" \/>\n\t\t\t\t\t\t<h4>\n\t\t\t\t\t\t\tAvanc\u00e9\n\t\t\t\t\t\t<\/h4>\n\t\t\t\t\t\t\t$\n\t\t\t\t\t\tJeudi [18h-19h30] en VISIO (Horaires modifiables)\n\t\t<\/li>\n\t\t\t\t<li id=\"wpzabb-food-menu-item-4\">\n\t\t\t\t\t\t<img decoding=\"async\" src=\"http:\/\/coree-a-toulouse.com\/wp-content\/uploads\/2023\/10\/ciaran-o-brien-LoGWCnEVDgU-unsplash-scaled-1-150x150.jpg\" alt=\"sava-bobov-eVa2FK83K6w-unsplash\" itemprop=\"image\" \/>\n\t\t\t\t\t\t<h4>\n\t\t\t\t\t\t\tPr\u00e9paration TOPIK\n\t\t\t\t\t\t<\/h4>\n\t\t\t\t\t\t\t$\n\t\t\t\t\t\tMardi [18h-19h20]\n\t\t<\/li>\n\t\t\t<\/ul>\n\t<div class=\"leaflet-map WPLeafletMap\" style=\"height:250px; width:100%;\"><\/div><script>\nwindow.WPLeafletMapPlugin = window.WPLeafletMapPlugin || [];\nwindow.WPLeafletMapPlugin.push(function WPLeafletMapShortcode() {\/*<script>*\/\nvar baseUrl = atob('aHR0cHM6Ly97c30udGlsZS5vcGVuc3RyZWV0bWFwLm9yZy97en0ve3h9L3t5fS5wbmc=');\nvar base = (!baseUrl && window.MQ) ?\n    window.MQ.mapLayer() : L.tileLayer(baseUrl,\n        L.Util.extend({}, {\n            detectRetina: 0,\n        },\n        {\"subdomains\":\"abc\",\"noWrap\":false,\"maxZoom\":19}        )\n    );\n    var options = L.Util.extend({}, {\n        layers: [base],\n        attributionControl: false\n    },\n    {\"zoomControl\":true,\"scrollWheelZoom\":false,\"doubleClickZoom\":false,\"fitBounds\":false,\"minZoom\":0,\"maxZoom\":19,\"maxBounds\":null,\"attribution\":\"<a href=\\\"http:\\\/\\\/leafletjs.com\\\" title=\\\"Une biblioth\\u00e8que JS pour des cartes interactives\\\">Leaflet<\\\/a>; \\u00a9 <a href=\\\"http:\\\/\\\/www.openstreetmap.org\\\/copyright\\\">OpenStreetMap<\\\/a> contributeurs\"},\n    {});\nwindow.WPLeafletMapPlugin.createMap(options).setView([43.578199051643,1.445517539978],16);});<\/script><br \/>\n<script>\nwindow.WPLeafletMapPlugin = window.WPLeafletMapPlugin || [];\nwindow.WPLeafletMapPlugin.push(function WPLeafletMarkerShortcode() {\/*<script>*\/\nvar map = window.WPLeafletMapPlugin.getCurrentMap();\nvar group = window.WPLeafletMapPlugin.getCurrentGroup();\nvar marker_options = window.WPLeafletMapPlugin.getIconOptions({});\nvar marker = L.marker(\n    [43.57743740306,1.4441120624542],\n    marker_options\n);\nvar is_image = map.is_image_map;\nif (marker_options.draggable) {\n    marker.on('dragend', function () {\n        var latlng = this.getLatLng();\n        var lat = latlng.lat;\n        var lng = latlng.lng;\n        if (is_image) {\n            console.log('leaflet-marker y=' + lat + ' x=' + lng);\n        } else {\n            console.log('leaflet-marker lat=' + lat + ' lng=' + lng);\n        }\n    });\n}\nmarker.addTo( group );\nwindow.WPLeafletMapPlugin.markers.push( marker );\n        });<\/script>\n<h5>\n\t\t\t3 Place Guy Hersant 31400 TOULOUSE (Maison des Associations)\t<\/h5>\n\n","protected":false},"excerpt":{"rendered":"<p>Apprenez la langue coreenne D\u00e9couvrez la langue et la culture cor\u00e9ennes avec des cours adapt\u00e9s \u00e0 tous les niveaux : d\u00e9butants, interm\u00e9diaires et avanc\u00e9s. &nbsp; Les cours sont assur\u00e9s par une professeure native, certifi\u00e9e en CLE (Cor\u00e9en Langue \u00c9trang\u00e8re) par le minist\u00e8re de la Culture de la R\u00e9publique de Cor\u00e9e. &nbsp; Un enseignement bas\u00e9 sur &hellip; <\/p>\n<p class=\"link-more\"><a href=\"https:\/\/coree-a-toulouse.com\/index.php\/cours-de-coreen\/\" class=\"more-link\">Lire la suite de<span class=\"screen-reader-text\">\u00ab\u00a0Cours de Cor\u00e9en (\ud55c\uad6d\uc5b4 \uc218\uc5c5)\u00a0\u00bb<\/span><\/a><\/p>\n","protected":false},"author":2,"featured_media":0,"parent":0,"menu_order":0,"comment_status":"closed","ping_status":"closed","template":"","meta":{"inline_featured_image":false,"footnotes":""},"class_list":["post-84","page","type-page","status-publish","hentry"],"_links":{"self":[{"href":"https:\/\/coree-a-toulouse.com\/index.php\/wp-json\/wp\/v2\/pages\/84","targetHints":{"allow":["GET"]}}],"collection":[{"href":"https:\/\/coree-a-toulouse.com\/index.php\/wp-json\/wp\/v2\/pages"}],"about":[{"href":"https:\/\/coree-a-toulouse.com\/index.php\/wp-json\/wp\/v2\/types\/page"}],"author":[{"embeddable":true,"href":"https:\/\/coree-a-toulouse.com\/index.php\/wp-json\/wp\/v2\/users\/2"}],"replies":[{"embeddable":true,"href":"https:\/\/coree-a-toulouse.com\/index.php\/wp-json\/wp\/v2\/comments?post=84"}],"version-history":[{"count":11,"href":"https:\/\/coree-a-toulouse.com\/index.php\/wp-json\/wp\/v2\/pages\/84\/revisions"}],"predecessor-version":[{"id":1556,"href":"https:\/\/coree-a-toulouse.com\/index.php\/wp-json\/wp\/v2\/pages\/84\/revisions\/1556"}],"wp:attachment":[{"href":"https:\/\/coree-a-toulouse.com\/index.php\/wp-json\/wp\/v2\/media?parent=84"}],"curies":[{"name":"wp","href":"https:\/\/api.w.org\/{rel}","templated":true}]}}