{"id":24,"date":"2023-09-24T00:20:41","date_gmt":"2023-09-23T22:20:41","guid":{"rendered":"http:\/\/culture-coreenne-toulouse.fr\/?page_id=24"},"modified":"2025-09-05T13:16:58","modified_gmt":"2025-09-05T11:16:58","slug":"contact","status":"publish","type":"page","link":"https:\/\/coree-a-toulouse.com\/index.php\/contact\/","title":{"rendered":"Contact"},"content":{"rendered":"\n\n\t<p>Pour devenir membre, veuillez remplir la fiche d&rsquo;adh\u00e9sion ci-dessous via Helloasso.<\/p>\n\t\t\t<a href=\"https:\/\/www.helloasso.com\/associations\/association-franco-coreenne-de-toulouse\/adhesions\/fiche-d-adhesion-afct\" target=\"_self\">\n\t\t\t\t\t\tT\u00e9l\u00e9charger la fiche d&rsquo;adh\u00e9sion\n\t\t\t\t\t<\/a>\n<h2>\n\t\tContactez nous par mail\n\t<\/h2>\n<h2>\n\t\tRetrouvez nous sur les r\u00e9seaux\n\t<\/h2>\n\t<h2>\n\t\t\t\t\tL&rsquo;\u00e9quipe de l&rsquo;AFCT\n\t\t\t\t<\/h2>\n\t\t\t\t<figure>\n\t\t\t\t<img decoding=\"async\" src=\"http:\/\/coree-a-toulouse.com\/wp-content\/uploads\/2023\/10\/edmonde-150x150.jpg\" alt=\"edmonde\" itemprop=\"image\"\/>\n\t\t\t\t\t\t<figcaption>\n\t\t\t\t<h2>\n\t\t\t\t\t\t\t\tEdmonde\n\t\t\t\t\t\t\t\t<\/h2>\n\t\t\t\tPr\u00e9sidente\n\t\t\t\t\t\t\t<\/figcaption>\n\t\t<\/figure>\n\t\t\t\t<figure>\n\t\t\t\t<img decoding=\"async\" src=\"http:\/\/coree-a-toulouse.com\/wp-content\/uploads\/2023\/10\/kim-150x150.png\" alt=\"edmonde\" itemprop=\"image\"\/>\n\t\t\t\t\t\t<figcaption>\n\t\t\t\t<h2>\n\t\t\t\t\t\t\t\tMi-Kyung\n\t\t\t\t\t\t\t\t<\/h2>\n\t\t\t\tVice-Pr\u00e9sidente\n\t\t\t\t\t\t\t<\/figcaption>\n\t\t<\/figure>\n\t\t\t\t<figure>\n\t\t\t\t<img decoding=\"async\" src=\"http:\/\/coree-a-toulouse.com\/wp-content\/uploads\/2023\/10\/vincent-150x150.jpg\" alt=\"edmonde\" itemprop=\"image\"\/>\n\t\t\t\t\t\t<figcaption>\n\t\t\t\t<h2>\n\t\t\t\t\t\t\t\tVincent\n\t\t\t\t\t\t\t\t<\/h2>\n\t\t\t\tTr\u00e9sorier\n\t\t\t\t\t\t\t\t\t\u00a0\u00a0\u00a0\n\t\t\t\t\t\t\t<\/figcaption>\n\t\t<\/figure>\n\t\t\t\t<figure>\n\t\t\t\t<img decoding=\"async\" src=\"http:\/\/coree-a-toulouse.com\/wp-content\/uploads\/2023\/10\/estelle-150x150.jpg\" alt=\"edmonde\" itemprop=\"image\"\/>\n\t\t\t\t\t\t<figcaption>\n\t\t\t\t<h2>\n\t\t\t\t\t\t\t\tEstelle\n\t\t\t\t\t\t\t\t<\/h2>\n\t\t\t\tCharg\u00e9e de relation France-Cor\u00e9e\n\t\t\t\t\t\t\t<\/figcaption>\n\t\t<\/figure>\n\t\t\t\t<figure>\n\t\t\t\t<img decoding=\"async\" src=\"http:\/\/coree-a-toulouse.com\/wp-content\/uploads\/2023\/10\/margaux-1-150x150.png\" alt=\"edmonde\" itemprop=\"image\"\/>\n\t\t\t\t\t\t<figcaption>\n\t\t\t\t<h2>\n\t\t\t\t\t\t\t\tMargaux\n\t\t\t\t\t\t\t\t<\/h2>\n\t\t\t\tSecr\u00e9taire adjointe\n\t\t\t\t\t\t\t<\/figcaption>\n\t\t<\/figure>\n\t\t\t\t<figure>\n\t\t\t\t<img decoding=\"async\" src=\"http:\/\/coree-a-toulouse.com\/wp-content\/uploads\/2024\/01\/martine-cropped-150x150.jpg\" alt=\"edmonde\" itemprop=\"image\"\/>\n\t\t\t\t\t\t<figcaption>\n\t\t\t\t<h2>\n\t\t\t\t\t\t\t\tMartine\n\t\t\t\t\t\t\t\t<\/h2>\n\t\t\t\tSecr\u00e9taire\n\t\t\t\t\t\t\t<\/figcaption>\n\t\t<\/figure>\n\n","protected":false},"excerpt":{"rendered":"<p>Pour devenir membre, veuillez remplir la fiche d&rsquo;adh\u00e9sion ci-dessous via Helloasso. T\u00e9l\u00e9charger la fiche d&rsquo;adh\u00e9sion Contactez nous par mail Retrouvez nous sur les r\u00e9seaux L&rsquo;\u00e9quipe de l&rsquo;AFCT Edmonde Pr\u00e9sidente Mi-Kyung Vice-Pr\u00e9sidente Vincent Tr\u00e9sorier \u00a0\u00a0\u00a0 Estelle Charg\u00e9e de relation France-Cor\u00e9e Margaux Secr\u00e9taire adjointe Martine Secr\u00e9taire<\/p>\n","protected":false},"author":2,"featured_media":0,"parent":0,"menu_order":0,"comment_status":"closed","ping_status":"closed","template":"","meta":{"inline_featured_image":false,"footnotes":""},"class_list":["post-24","page","type-page","status-publish","hentry"],"_links":{"self":[{"href":"https:\/\/coree-a-toulouse.com\/index.php\/wp-json\/wp\/v2\/pages\/24","targetHints":{"allow":["GET"]}}],"collection":[{"href":"https:\/\/coree-a-toulouse.com\/index.php\/wp-json\/wp\/v2\/pages"}],"about":[{"href":"https:\/\/coree-a-toulouse.com\/index.php\/wp-json\/wp\/v2\/types\/page"}],"author":[{"embeddable":true,"href":"https:\/\/coree-a-toulouse.com\/index.php\/wp-json\/wp\/v2\/users\/2"}],"replies":[{"embeddable":true,"href":"https:\/\/coree-a-toulouse.com\/index.php\/wp-json\/wp\/v2\/comments?post=24"}],"version-history":[{"count":12,"href":"https:\/\/coree-a-toulouse.com\/index.php\/wp-json\/wp\/v2\/pages\/24\/revisions"}],"predecessor-version":[{"id":1533,"href":"https:\/\/coree-a-toulouse.com\/index.php\/wp-json\/wp\/v2\/pages\/24\/revisions\/1533"}],"wp:attachment":[{"href":"https:\/\/coree-a-toulouse.com\/index.php\/wp-json\/wp\/v2\/media?parent=24"}],"curies":[{"name":"wp","href":"https:\/\/api.w.org\/{rel}","templated":true}]}}