{"id":232,"date":"2023-09-29T23:21:09","date_gmt":"2023-09-29T21:21:09","guid":{"rendered":"https:\/\/culture-coreenne-toulouse.fr\/?page_id=232"},"modified":"2024-09-16T18:00:28","modified_gmt":"2024-09-16T16:00:28","slug":"agenda","status":"publish","type":"page","link":"https:\/\/coree-a-toulouse.com\/index.php\/agenda\/","title":{"rendered":"Agenda"},"content":{"rendered":"\n\n\t<meta itemscope itemprop=\"mainEntityOfPage\" itemtype=\"https:\/\/schema.org\/WebPage\" itemid=\"http:\/\/ktazeql.cluster030.hosting.ovh.net\/index.php\/2024\/01\/17\/atelier-cinema-septembre-2023\/\" content=\"Atelier Cinema Septembre 2023\" \/><meta itemprop=\"datePublished\" content=\"2024-01-17\" \/><meta itemprop=\"dateModified\" content=\"2024-01-17\" \/><meta itemprop=\"name\" content=\"\uc548\ub155\ud558\uc138\uc694 !\"\/><meta itemprop=\"url\" content=\"http:\/\/ktazeql.cluster030.hosting.ovh.net\/index.php\/author\/lo0kat\/\" \/><meta itemprop=\"name\" content=\"Louis CHOMEL\" \/><meta itemprop=\"url\" content=\"http:\/\/ktazeql.cluster030.hosting.ovh.net\/wp-content\/uploads\/2023\/09\/jeremy-yap-J39X2xX_8CQ-unsplash-scaled-1.jpg\" \/><meta itemprop=\"width\" content=\"2560\" \/><meta itemprop=\"height\" content=\"1707\" \/><meta itemprop=\"interactionType\" content=\"https:\/\/schema.org\/CommentAction\" \/><meta itemprop=\"userInteractionCount\" content=\"0\" \/>\t\n\t<a href=\"http:\/\/ktazeql.cluster030.hosting.ovh.net\/index.php\/2024\/01\/17\/atelier-cinema-septembre-2023\/\" rel=\"bookmark\" title=\"Atelier Cinema Septembre 2023\">\n\t\t<img fetchpriority=\"high\" width=\"950\" height=\"320\" src=\"http:\/\/ktazeql.cluster030.hosting.ovh.net\/wp-content\/uploads\/2023\/09\/jeremy-yap-J39X2xX_8CQ-unsplash-scaled-1-950x320.jpg\" alt=\"\" decoding=\"async\" srcset=\"http:\/\/ktazeql.cluster030.hosting.ovh.net\/wp-content\/uploads\/2023\/09\/jeremy-yap-J39X2xX_8CQ-unsplash-scaled-1-950x320.jpg 950w, http:\/\/ktazeql.cluster030.hosting.ovh.net\/wp-content\/uploads\/2023\/09\/jeremy-yap-J39X2xX_8CQ-unsplash-scaled-1-1900x640.jpg 1900w\" sizes=\"100vw\" \/>\t<\/a>\n\t\t<h3 itemprop=\"headline\">\n\t\t\t<a href=\"http:\/\/ktazeql.cluster030.hosting.ovh.net\/index.php\/2024\/01\/17\/atelier-cinema-septembre-2023\/\" title=\"Atelier Cinema Septembre 2023\">Atelier Cinema Septembre 2023<\/a>\n\t\t<\/h3>\n\t\t\tBy <a href=\"http:\/\/ktazeql.cluster030.hosting.ovh.net\/index.php\/author\/lo0kat\/\">Louis CHOMEL<\/a>\t\t\n\t\t\t\t\t\t\t\/\n\t\t\t17 janvier 2024\t\t\n\t\t\t\t\t\t<p>Activit\u00e9 Associative A l&rsquo;occasion des portes ouvertes de l&rsquo;association, le Film \u00ab\u00a0Mari Iyagi\u00a0\u00bb sera diffus\u00e9. \ub9c8\ub9ac\uc774\uc57c\uae30 Mari Iyagi Organis\u00e9 par &hellip; <\/p>\n<p><a href=\"http:\/\/ktazeql.cluster030.hosting.ovh.net\/index.php\/2024\/01\/17\/atelier-cinema-septembre-2023\/\">Lire la suite de\u00ab\u00a0Atelier Cinema Septembre 2023\u00a0\u00bb<\/a><\/p>\n\t<meta itemscope itemprop=\"mainEntityOfPage\" itemtype=\"https:\/\/schema.org\/WebPage\" itemid=\"http:\/\/ktazeql.cluster030.hosting.ovh.net\/index.php\/2024\/01\/15\/atelier-cinema-fevrier-2023\/\" content=\"Atelier Cinema F\u00e9vrier 2023\" \/><meta itemprop=\"datePublished\" content=\"2024-01-15\" \/><meta itemprop=\"dateModified\" content=\"2024-01-15\" \/><meta itemprop=\"name\" content=\"\uc548\ub155\ud558\uc138\uc694 !\"\/><meta itemprop=\"url\" content=\"http:\/\/ktazeql.cluster030.hosting.ovh.net\/index.php\/author\/lo0kat\/\" \/><meta itemprop=\"name\" content=\"Louis CHOMEL\" \/><meta itemprop=\"url\" content=\"http:\/\/ktazeql.cluster030.hosting.ovh.net\/wp-content\/uploads\/2023\/09\/denise-jans-Lq6rcifGjOU-unsplash-scaled-1.jpg\" \/><meta itemprop=\"width\" content=\"2560\" \/><meta itemprop=\"height\" content=\"1920\" \/><meta itemprop=\"interactionType\" content=\"https:\/\/schema.org\/CommentAction\" \/><meta itemprop=\"userInteractionCount\" content=\"0\" \/>\t\n\t<a href=\"http:\/\/ktazeql.cluster030.hosting.ovh.net\/index.php\/2024\/01\/15\/atelier-cinema-fevrier-2023\/\" rel=\"bookmark\" title=\"Atelier Cinema F\u00e9vrier 2023\">\n\t\t<img width=\"950\" height=\"320\" src=\"http:\/\/ktazeql.cluster030.hosting.ovh.net\/wp-content\/uploads\/2023\/09\/denise-jans-Lq6rcifGjOU-unsplash-scaled-1-950x320.jpg\" alt=\"\" decoding=\"async\" srcset=\"http:\/\/ktazeql.cluster030.hosting.ovh.net\/wp-content\/uploads\/2023\/09\/denise-jans-Lq6rcifGjOU-unsplash-scaled-1-950x320.jpg 950w, http:\/\/ktazeql.cluster030.hosting.ovh.net\/wp-content\/uploads\/2023\/09\/denise-jans-Lq6rcifGjOU-unsplash-scaled-1-1900x640.jpg 1900w\" sizes=\"100vw\" \/>\t<\/a>\n\t\t<h3 itemprop=\"headline\">\n\t\t\t<a href=\"http:\/\/ktazeql.cluster030.hosting.ovh.net\/index.php\/2024\/01\/15\/atelier-cinema-fevrier-2023\/\" title=\"Atelier Cinema F\u00e9vrier 2023\">Atelier Cinema F\u00e9vrier 2023<\/a>\n\t\t<\/h3>\n\t\t\tBy <a href=\"http:\/\/ktazeql.cluster030.hosting.ovh.net\/index.php\/author\/lo0kat\/\">Louis CHOMEL<\/a>\t\t\n\t\t\t\t\t\t\t\/\n\t\t\t15 janvier 2024\t\t\n\t\t\t\t\t\t<p>Activit\u00e9 Associative A l&rsquo;occasion de l&rsquo;\u00e9v\u00e8nement Seollal, l&rsquo;association diffusera le film \u00ab\u00a0Petite For\u00e9e\u00a0\u00bb. \ub9ac\ud2c0 \ud3ec\ub808\uc2a4\ud2b8 Petite For\u00e9e Organis\u00e9 par Lisa &hellip; <\/p>\n<p><a href=\"http:\/\/ktazeql.cluster030.hosting.ovh.net\/index.php\/2024\/01\/15\/atelier-cinema-fevrier-2023\/\">Lire la suite de\u00ab\u00a0Atelier Cinema F\u00e9vrier 2023\u00a0\u00bb<\/a><\/p>\n\t<meta itemscope itemprop=\"mainEntityOfPage\" itemtype=\"https:\/\/schema.org\/WebPage\" itemid=\"http:\/\/ktazeql.cluster030.hosting.ovh.net\/index.php\/2023\/10\/04\/assemblee-generale-13-09-2023\/\" content=\"Assembl\u00e9e G\u00e9n\u00e9rale 13\/10\/2023\" \/><meta itemprop=\"datePublished\" content=\"2023-10-04\" \/><meta itemprop=\"dateModified\" content=\"2023-10-04\" \/><meta itemprop=\"name\" content=\"\uc548\ub155\ud558\uc138\uc694 !\"\/><meta itemprop=\"url\" content=\"http:\/\/ktazeql.cluster030.hosting.ovh.net\/index.php\/author\/lo0kat\/\" \/><meta itemprop=\"name\" content=\"Louis CHOMEL\" \/><meta itemprop=\"url\" content=\"http:\/\/ktazeql.cluster030.hosting.ovh.net\/wp-content\/uploads\/2023\/10\/jet-dela-cruz-Gf6puSx3h6Y-unsplash1-scaled-1.jpg\" \/><meta itemprop=\"width\" content=\"2048\" \/><meta itemprop=\"height\" content=\"2560\" \/><meta itemprop=\"interactionType\" content=\"https:\/\/schema.org\/CommentAction\" \/><meta itemprop=\"userInteractionCount\" content=\"0\" \/>\t\n\t<a href=\"http:\/\/ktazeql.cluster030.hosting.ovh.net\/index.php\/2023\/10\/04\/assemblee-generale-13-09-2023\/\" rel=\"bookmark\" title=\"Assembl\u00e9e G\u00e9n\u00e9rale 13\/10\/2023\">\n\t\t<img width=\"950\" height=\"320\" src=\"http:\/\/ktazeql.cluster030.hosting.ovh.net\/wp-content\/uploads\/2023\/10\/jet-dela-cruz-Gf6puSx3h6Y-unsplash1-scaled-1-950x320.jpg\" alt=\"\" decoding=\"async\" srcset=\"http:\/\/ktazeql.cluster030.hosting.ovh.net\/wp-content\/uploads\/2023\/10\/jet-dela-cruz-Gf6puSx3h6Y-unsplash1-scaled-1-950x320.jpg 950w, http:\/\/ktazeql.cluster030.hosting.ovh.net\/wp-content\/uploads\/2023\/10\/jet-dela-cruz-Gf6puSx3h6Y-unsplash1-scaled-1-1900x640.jpg 1900w\" sizes=\"100vw\" \/>\t<\/a>\n\t\t<h3 itemprop=\"headline\">\n\t\t\t<a href=\"http:\/\/ktazeql.cluster030.hosting.ovh.net\/index.php\/2023\/10\/04\/assemblee-generale-13-09-2023\/\" title=\"Assembl\u00e9e G\u00e9n\u00e9rale 13\/10\/2023\">Assembl\u00e9e G\u00e9n\u00e9rale 13\/10\/2023<\/a>\n\t\t<\/h3>\n\t\t\tBy <a href=\"http:\/\/ktazeql.cluster030.hosting.ovh.net\/index.php\/author\/lo0kat\/\">Louis CHOMEL<\/a>\t\t\n\t\t\t\t\t\t\t\/\n\t\t\t4 octobre 2023\t\t\n\t\t\t\t\t\t<p>Rapport Moral et financier de l&rsquo;exercice 2023, budget 2023\/2024, renouvellement des membres etc.<\/p>\n\t<meta itemscope itemprop=\"mainEntityOfPage\" itemtype=\"https:\/\/schema.org\/WebPage\" itemid=\"http:\/\/ktazeql.cluster030.hosting.ovh.net\/index.php\/2023\/10\/02\/calligraphie-kakemono-07-09-2023\/\" content=\"Calligraphie &#8211; Octobre 2023\" \/><meta itemprop=\"datePublished\" content=\"2023-10-02\" \/><meta itemprop=\"dateModified\" content=\"2023-10-02\" \/><meta itemprop=\"name\" content=\"\uc548\ub155\ud558\uc138\uc694 !\"\/><meta itemprop=\"url\" content=\"http:\/\/ktazeql.cluster030.hosting.ovh.net\/index.php\/author\/lo0kat\/\" \/><meta itemprop=\"name\" content=\"Louis CHOMEL\" \/><meta itemprop=\"url\" content=\"http:\/\/ktazeql.cluster030.hosting.ovh.net\/wp-content\/uploads\/2023\/09\/kelly-sikkema-QExQVvGBmXQ-unsplash-scaled-1.jpg\" \/><meta itemprop=\"width\" content=\"2560\" \/><meta itemprop=\"height\" content=\"1707\" \/><meta itemprop=\"interactionType\" content=\"https:\/\/schema.org\/CommentAction\" \/><meta itemprop=\"userInteractionCount\" content=\"0\" \/>\t\n\t<a href=\"http:\/\/ktazeql.cluster030.hosting.ovh.net\/index.php\/2023\/10\/02\/calligraphie-kakemono-07-09-2023\/\" rel=\"bookmark\" title=\"Calligraphie &#8211; Octobre 2023\">\n\t\t<img loading=\"lazy\" width=\"950\" height=\"320\" src=\"http:\/\/ktazeql.cluster030.hosting.ovh.net\/wp-content\/uploads\/2023\/09\/kelly-sikkema-QExQVvGBmXQ-unsplash-scaled-1-950x320.jpg\" alt=\"\" decoding=\"async\" srcset=\"http:\/\/ktazeql.cluster030.hosting.ovh.net\/wp-content\/uploads\/2023\/09\/kelly-sikkema-QExQVvGBmXQ-unsplash-scaled-1-950x320.jpg 950w, http:\/\/ktazeql.cluster030.hosting.ovh.net\/wp-content\/uploads\/2023\/09\/kelly-sikkema-QExQVvGBmXQ-unsplash-scaled-1-1900x640.jpg 1900w\" sizes=\"100vw\" \/>\t<\/a>\n\t\t<h3 itemprop=\"headline\">\n\t\t\t<a href=\"http:\/\/ktazeql.cluster030.hosting.ovh.net\/index.php\/2023\/10\/02\/calligraphie-kakemono-07-09-2023\/\" title=\"Calligraphie &#8211; Octobre 2023\">Calligraphie &#8211; Octobre 2023<\/a>\n\t\t<\/h3>\n\t\t\tBy <a href=\"http:\/\/ktazeql.cluster030.hosting.ovh.net\/index.php\/author\/lo0kat\/\">Louis CHOMEL<\/a>\t\t\n\t\t\t\t\t\t\t\/\n\t\t\t2 octobre 2023\t\t\n\t\t\t\t\t\t<p>D\u00e9couvrez la calligraphie cor\u00e9enne \u00e0 travers les ateliers d&rsquo;Octobre. Les participants pourront ramener chez eux leurs cr\u00e9ations.<\/p>\n\t<meta itemscope itemprop=\"mainEntityOfPage\" itemtype=\"https:\/\/schema.org\/WebPage\" itemid=\"http:\/\/ktazeql.cluster030.hosting.ovh.net\/index.php\/2023\/10\/02\/concert-coreen\/\" content=\"Concert Op\u00e9ra Cor\u00e9en\" \/><meta itemprop=\"datePublished\" content=\"2023-10-02\" \/><meta itemprop=\"dateModified\" content=\"2023-10-02\" \/><meta itemprop=\"name\" content=\"\uc548\ub155\ud558\uc138\uc694 !\"\/><meta itemprop=\"url\" content=\"http:\/\/ktazeql.cluster030.hosting.ovh.net\/index.php\/author\/lo0kat\/\" \/><meta itemprop=\"name\" content=\"Louis CHOMEL\" \/><meta itemprop=\"url\" content=\"http:\/\/ktazeql.cluster030.hosting.ovh.net\/wp-content\/uploads\/2023\/10\/Screenshot-from-2023-10-04-22-41-59.png\" \/><meta itemprop=\"width\" content=\"1506\" \/><meta itemprop=\"height\" content=\"900\" \/><meta itemprop=\"interactionType\" content=\"https:\/\/schema.org\/CommentAction\" \/><meta itemprop=\"userInteractionCount\" content=\"0\" \/>\t\n\t<a href=\"http:\/\/ktazeql.cluster030.hosting.ovh.net\/index.php\/2023\/10\/02\/concert-coreen\/\" rel=\"bookmark\" title=\"Concert Op\u00e9ra Cor\u00e9en\">\n\t\t<img loading=\"lazy\" width=\"950\" height=\"320\" src=\"http:\/\/ktazeql.cluster030.hosting.ovh.net\/wp-content\/uploads\/2023\/10\/Screenshot-from-2023-10-04-22-41-59-950x320.png\" alt=\"\" decoding=\"async\" sizes=\"100vw\" \/>\t<\/a>\n\t\t<h3 itemprop=\"headline\">\n\t\t\t<a href=\"http:\/\/ktazeql.cluster030.hosting.ovh.net\/index.php\/2023\/10\/02\/concert-coreen\/\" title=\"Concert Op\u00e9ra Cor\u00e9en\">Concert Op\u00e9ra Cor\u00e9en<\/a>\n\t\t<\/h3>\n\t\t\tBy <a href=\"http:\/\/ktazeql.cluster030.hosting.ovh.net\/index.php\/author\/lo0kat\/\">Louis CHOMEL<\/a>\t\t\n\t\t\t\t\t\t\t\/\n\t\t\t2 octobre 2023\t\t\n\t\t\t\t\t\t<p>Venez d\u00e9couvrir des chants traditionnels et populaires cor\u00e9ens. Les musiciens feront ressentir au public les rythmes cor\u00e9ens avec le Janggu.<\/p>\n\t<meta itemscope itemprop=\"mainEntityOfPage\" itemtype=\"https:\/\/schema.org\/WebPage\" itemid=\"http:\/\/ktazeql.cluster030.hosting.ovh.net\/index.php\/2022\/05\/24\/atelier-cuisine-septembre\/\" content=\"Japchae, p\u00e2te de patate\u00a0douce\" \/><meta itemprop=\"datePublished\" content=\"2022-05-24\" \/><meta itemprop=\"dateModified\" content=\"2022-05-24\" \/><meta itemprop=\"name\" content=\"\uc548\ub155\ud558\uc138\uc694 !\"\/><meta itemprop=\"url\" content=\"http:\/\/ktazeql.cluster030.hosting.ovh.net\/index.php\/author\/lo0kat\/\" \/><meta itemprop=\"name\" content=\"Louis CHOMEL\" \/><meta itemprop=\"url\" content=\"http:\/\/ktazeql.cluster030.hosting.ovh.net\/wp-content\/uploads\/2023\/09\/kakaotalk_20220524_213203570_04.jpg\" \/><meta itemprop=\"width\" content=\"960\" \/><meta itemprop=\"height\" content=\"1280\" \/><meta itemprop=\"interactionType\" content=\"https:\/\/schema.org\/CommentAction\" \/><meta itemprop=\"userInteractionCount\" content=\"0\" \/>\t\n\t<a href=\"http:\/\/ktazeql.cluster030.hosting.ovh.net\/index.php\/2022\/05\/24\/atelier-cuisine-septembre\/\" rel=\"bookmark\" title=\"Japchae, p\u00e2te de patate\u00a0douce\">\n\t\t<img loading=\"lazy\" width=\"950\" height=\"320\" src=\"http:\/\/ktazeql.cluster030.hosting.ovh.net\/wp-content\/uploads\/2023\/09\/kakaotalk_20220524_213203570_04-950x320.jpg\" alt=\"\" decoding=\"async\" sizes=\"100vw\" \/>\t<\/a>\n\t\t<h3 itemprop=\"headline\">\n\t\t\t<a href=\"http:\/\/ktazeql.cluster030.hosting.ovh.net\/index.php\/2022\/05\/24\/atelier-cuisine-septembre\/\" title=\"Japchae, p\u00e2te de patate\u00a0douce\">Japchae, p\u00e2te de patate\u00a0douce<\/a>\n\t\t<\/h3>\n\t\t\tBy <a href=\"http:\/\/ktazeql.cluster030.hosting.ovh.net\/index.php\/author\/lo0kat\/\">Louis CHOMEL<\/a>\t\t\n\t\t\t\t\t\t\t\/\n\t\t\t24 mai 2022\t\t\n\t\t\t\t\t\t<p>Ce dimanche nous avons eu la chance d&rsquo;apprendre \u00e0 cuisiner du jjapchae! Le japchae \uc7a1\ucc44 est un plat \u00e0 base &hellip; <\/p>\n<p><a href=\"http:\/\/ktazeql.cluster030.hosting.ovh.net\/index.php\/2022\/05\/24\/atelier-cuisine-septembre\/\">Lire la suite de\u00ab\u00a0Japchae, p\u00e2te de patate\u00a0douce\u00a0\u00bb<\/a><\/p>\n\t\t<ul class='page-numbers'>\n\t<li>1<\/li>\n\t<li><a href=\"http:\/\/ktazeql.cluster030.hosting.ovh.net\/page\/2\/?page_id=232&#038;fl_builder\">2<\/a><\/li>\n\t<li><a href=\"http:\/\/ktazeql.cluster030.hosting.ovh.net\/page\/2\/?page_id=232&#038;fl_builder\">Suivant\u00a0\u00bb<\/a><\/li>\n<\/ul>\n\t\n","protected":false},"excerpt":{"rendered":"<p>Atelier Cinema Septembre 2023 By Louis CHOMEL \/ 17 janvier 2024 Activit\u00e9 Associative A l&rsquo;occasion des portes ouvertes de l&rsquo;association, le Film \u00ab\u00a0Mari Iyagi\u00a0\u00bb sera diffus\u00e9. \ub9c8\ub9ac\uc774\uc57c\uae30 Mari Iyagi Organis\u00e9 par &hellip; Lire la suite de\u00ab\u00a0Atelier Cinema Septembre 2023\u00a0\u00bb Atelier Cinema F\u00e9vrier 2023 By Louis CHOMEL \/ 15 janvier 2024 Activit\u00e9 Associative A l&rsquo;occasion de &hellip; <\/p>\n<p class=\"link-more\"><a href=\"https:\/\/coree-a-toulouse.com\/index.php\/agenda\/\" class=\"more-link\">Lire la suite de<span class=\"screen-reader-text\">\u00ab\u00a0Agenda\u00a0\u00bb<\/span><\/a><\/p>\n","protected":false},"author":2,"featured_media":0,"parent":0,"menu_order":0,"comment_status":"closed","ping_status":"closed","template":"","meta":{"inline_featured_image":false,"footnotes":""},"class_list":["post-232","page","type-page","status-publish","hentry"],"_links":{"self":[{"href":"https:\/\/coree-a-toulouse.com\/index.php\/wp-json\/wp\/v2\/pages\/232","targetHints":{"allow":["GET"]}}],"collection":[{"href":"https:\/\/coree-a-toulouse.com\/index.php\/wp-json\/wp\/v2\/pages"}],"about":[{"href":"https:\/\/coree-a-toulouse.com\/index.php\/wp-json\/wp\/v2\/types\/page"}],"author":[{"embeddable":true,"href":"https:\/\/coree-a-toulouse.com\/index.php\/wp-json\/wp\/v2\/users\/2"}],"replies":[{"embeddable":true,"href":"https:\/\/coree-a-toulouse.com\/index.php\/wp-json\/wp\/v2\/comments?post=232"}],"version-history":[{"count":2,"href":"https:\/\/coree-a-toulouse.com\/index.php\/wp-json\/wp\/v2\/pages\/232\/revisions"}],"predecessor-version":[{"id":723,"href":"https:\/\/coree-a-toulouse.com\/index.php\/wp-json\/wp\/v2\/pages\/232\/revisions\/723"}],"wp:attachment":[{"href":"https:\/\/coree-a-toulouse.com\/index.php\/wp-json\/wp\/v2\/media?parent=232"}],"curies":[{"name":"wp","href":"https:\/\/api.w.org\/{rel}","templated":true}]}}